{"id":79,"date":"2018-09-12T06:52:30","date_gmt":"2018-09-12T04:52:30","guid":{"rendered":"https:\/\/demo.themegrill.com\/zakra-dentist\/?page_id=79"},"modified":"2021-02-24T07:48:35","modified_gmt":"2021-02-24T06:48:35","slug":"o-nas","status":"publish","type":"page","link":"https:\/\/fundacjainspiracja.fundacje.eu\/index.php\/o-nas\/","title":{"rendered":"O nas"},"content":{"rendered":"\t\t<div data-elementor-type=\"wp-post\" data-elementor-id=\"79\" class=\"elementor elementor-79\" data-elementor-settings=\"[]\">\n\t\t\t\t\t\t\t<div class=\"elementor-section-wrap\">\n\t\t\t\t\t\t\t<section class=\"elementor-section elementor-top-section elementor-element elementor-element-8cacd6f elementor-section-boxed elementor-section-height-default elementor-section-height-default\" data-id=\"8cacd6f\" data-element_type=\"section\">\n\t\t\t\t\t\t<div class=\"elementor-container elementor-column-gap-default\">\n\t\t\t\t\t<div class=\"elementor-column elementor-col-50 elementor-top-column elementor-element elementor-element-e3d4b6b\" data-id=\"e3d4b6b\" data-element_type=\"column\">\n\t\t\t<div class=\"elementor-widget-wrap elementor-element-populated\">\n\t\t\t\t\t\t\t\t<div class=\"elementor-element elementor-element-d79a827 elementor-widget elementor-widget-image\" data-id=\"d79a827\" data-element_type=\"widget\" data-widget_type=\"image.default\">\n\t\t\t\t<div class=\"elementor-widget-container\">\n\t\t\t\t\t\t\t\t\t\t\t\t\t\t\t<img width=\"634\" height=\"951\" src=\"https:\/\/fundacjainspiracja.fundacje.eu\/wp-content\/uploads\/2021\/02\/photo-1463438690606-f6778b8c1d10.jpg\" class=\"attachment-full size-full\" alt=\"\" loading=\"lazy\" srcset=\"https:\/\/fundacjainspiracja.fundacje.eu\/wp-content\/uploads\/2021\/02\/photo-1463438690606-f6778b8c1d10.jpg 634w, https:\/\/fundacjainspiracja.fundacje.eu\/wp-content\/uploads\/2021\/02\/photo-1463438690606-f6778b8c1d10-200x300.jpg 200w\" sizes=\"(max-width: 634px) 100vw, 634px\" \/>\t\t\t\t\t\t\t\t\t\t\t\t\t\t\t<\/div>\n\t\t\t\t<\/div>\n\t\t\t\t\t<\/div>\n\t\t<\/div>\n\t\t\t\t<div class=\"elementor-column elementor-col-50 elementor-top-column elementor-element elementor-element-22cdb02\" data-id=\"22cdb02\" data-element_type=\"column\">\n\t\t\t<div class=\"elementor-widget-wrap elementor-element-populated\">\n\t\t\t\t\t\t\t\t<div class=\"elementor-element elementor-element-814aa28 elementor-widget elementor-widget-heading\" data-id=\"814aa28\" data-element_type=\"widget\" data-widget_type=\"heading.default\">\n\t\t\t\t<div class=\"elementor-widget-container\">\n\t\t\t<h2 class=\"elementor-heading-title elementor-size-default\">Kim jeste\u015bmy i co robimy ? <\/h2>\t\t<\/div>\n\t\t\t\t<\/div>\n\t\t\t\t<div class=\"elementor-element elementor-element-078a1ba elementor-widget elementor-widget-text-editor\" data-id=\"078a1ba\" data-element_type=\"widget\" data-widget_type=\"text-editor.default\">\n\t\t\t\t<div class=\"elementor-widget-container\">\n\t\t\t\t\t\t\t<p>Fundacja Inspiracja jest do\u015bwiadczonym podmiotem\u00a0 zajmuj\u0105cym si\u0119 \u015bwiadczeniem kompleksowych us\u0142ug w zakresie pozyskiwania \u015brodk\u00f3w z funduszy unijnych oraz z funduszy krajowych, a tak\u017ce w zakresie profesjonalnego doradztwa szkoleniowego.<\/p><p>Nasza oferta skierowana jest przede wszystkim do przedsi\u0119biorc\u00f3w, podmiot\u00f3w publicznych, jak r\u00f3wnie\u017c rolnik\u00f3w i koncentruje si\u0119 w g\u0142\u00f3wnej mierze na wsparciu ich dzia\u0142a\u0144 rozwojowych i dzia\u0142a\u0144 na rzecz ich rozwoju gospodarczego, poprzez oferowanie kompleksowych us\u0142ug doradztwa europejskiego i gospodarczego skoncentrowanych na skutecznym pozyskiwaniu kapita\u0142u na inwestycje proinnowacyjne, proekologiczne i infrastrukturalne.<\/p><p>Fundacja Inspiracja pozyskuje\u00a0 dotacje unijne, powstali\u015bmy po to, by wiedz\u0105, do\u015bwiadczeniem i zaanga\u017cowaniem wesprze\u0107 klient\u00f3w w ich dzia\u0142aniach zwi\u0105zanych z pozyskiwaniem, realizacj\u0105, zarz\u0105dzaniem, rozliczaniem i ewaluacj\u0105 dotacji z dost\u0119pnych Program\u00f3w Pomocowych Unii Europejskiej, jak i Program\u00f3w Krajowych. Wiemy, \u017ce firmy doradcze cz\u0119sto bagatelizuj\u0105 ma\u0142e i \u015brednie przedsi\u0119biorstwa. Dla Fundacji Inspiracja ka\u017cdy klient b\u0119dzie dla nas tak samo wa\u017cny, bez wzgl\u0119du na wielko\u015b\u0107 firmy, charakter prowadzonej dzia\u0142alno\u015bci, potencja\u0142 inwestycyjny czy wielko\u015b\u0107 przedsi\u0119wzi\u0119cia. Proponujemy prac\u0119 z funduszami unijnymi w sektorze publicznym oraz prywatnym.<\/p><p><span style=\"text-align: center;\">\u00a0<\/span><\/p>\t\t\t\t\t\t<\/div>\n\t\t\t\t<\/div>\n\t\t\t\t\t<\/div>\n\t\t<\/div>\n\t\t\t\t\t\t\t<\/div>\n\t\t<\/section>\n\t\t\t\t<section class=\"elementor-section elementor-top-section elementor-element elementor-element-0bbad01 elementor-section-stretched elementor-section-content-middle elementor-section-boxed elementor-section-height-default elementor-section-height-default\" data-id=\"0bbad01\" data-element_type=\"section\" data-settings=\"{&quot;stretch_section&quot;:&quot;section-stretched&quot;,&quot;background_background&quot;:&quot;classic&quot;}\">\n\t\t\t\t\t\t<div class=\"elementor-container elementor-column-gap-default\">\n\t\t\t\t\t<div class=\"elementor-column elementor-col-50 elementor-top-column elementor-element elementor-element-1602415\" data-id=\"1602415\" data-element_type=\"column\">\n\t\t\t<div class=\"elementor-widget-wrap elementor-element-populated\">\n\t\t\t\t\t\t\t\t<div class=\"elementor-element elementor-element-a4566a8 elementor-widget elementor-widget-heading\" data-id=\"a4566a8\" data-element_type=\"widget\" data-widget_type=\"heading.default\">\n\t\t\t\t<div class=\"elementor-widget-container\">\n\t\t\t<h3 class=\"elementor-heading-title elementor-size-default\">Skontaktuj si\u0119 z nami aby skorzysta\u0107 z naszej pomocy. <\/h3>\t\t<\/div>\n\t\t\t\t<\/div>\n\t\t\t\t\t<\/div>\n\t\t<\/div>\n\t\t\t\t<div class=\"elementor-column elementor-col-50 elementor-top-column elementor-element elementor-element-813afea\" data-id=\"813afea\" data-element_type=\"column\">\n\t\t\t<div class=\"elementor-widget-wrap elementor-element-populated\">\n\t\t\t\t\t\t\t\t<div class=\"elementor-element elementor-element-99ae444 elementor-align-right elementor-mobile-align-left elementor-widget elementor-widget-button\" data-id=\"99ae444\" data-element_type=\"widget\" data-widget_type=\"button.default\">\n\t\t\t\t<div class=\"elementor-widget-container\">\n\t\t\t\t\t<div class=\"elementor-button-wrapper\">\n\t\t\t<a href=\"http:\/\/fundacjainspiracja.fundacje.eu\/index.php\/kontakt\" class=\"elementor-button-link elementor-button elementor-size-lg\" role=\"button\">\n\t\t\t\t\t\t<span class=\"elementor-button-content-wrapper\">\n\t\t\t\t\t\t<span class=\"elementor-button-text\">Kontakt<\/span>\n\t\t<\/span>\n\t\t\t\t\t<\/a>\n\t\t<\/div>\n\t\t\t\t<\/div>\n\t\t\t\t<\/div>\n\t\t\t\t\t<\/div>\n\t\t<\/div>\n\t\t\t\t\t\t\t<\/div>\n\t\t<\/section>\n\t\t\t\t<section class=\"elementor-section elementor-top-section elementor-element elementor-element-83618a6 elementor-section-stretched elementor-section-content-middle elementor-section-boxed elementor-section-height-default elementor-section-height-default\" data-id=\"83618a6\" data-element_type=\"section\" data-settings=\"{&quot;stretch_section&quot;:&quot;section-stretched&quot;,&quot;background_background&quot;:&quot;classic&quot;}\">\n\t\t\t\t\t\t<div class=\"elementor-container elementor-column-gap-default\">\n\t\t\t\t\t<div class=\"elementor-column elementor-col-100 elementor-top-column elementor-element elementor-element-49d75d1\" data-id=\"49d75d1\" data-element_type=\"column\">\n\t\t\t<div class=\"elementor-widget-wrap elementor-element-populated\">\n\t\t\t\t\t\t\t\t<div class=\"elementor-element elementor-element-3dd8ae0 elementor-widget elementor-widget-text-editor\" data-id=\"3dd8ae0\" data-element_type=\"widget\" data-widget_type=\"text-editor.default\">\n\t\t\t\t<div class=\"elementor-widget-container\">\n\t\t\t\t\t\t\t<p style=\"text-align: center;\">Nasze do\u015bwiadczenie gwarantuje:<\/p><p style=\"text-align: center;\">Pomagamy w sprecyzowaniu pomys\u0142\u00f3w, ocenie szans na otrzymanie dotacji, znalezieniu odpowiedniego \u017ar\u00f3d\u0142a finansowania projektu, w tworzeniu i pisaniu wniosk\u00f3w, opracowaniu monta\u017cu finansowego (bud\u017cetu) oraz zarz\u0105dzaniu projektami, w tym r\u00f3wnie\u017c na etapie kontroli projektu. Nie warto traci\u0107 czasu na firmy pozyskuj\u0105ce dotacje unijne z ma\u0142ym do\u015bwiadczeniem. <\/p>\t\t\t\t\t\t<\/div>\n\t\t\t\t<\/div>\n\t\t\t\t<div class=\"elementor-element elementor-element-29543a5 elementor-position-right elementor-vertical-align-top elementor-widget elementor-widget-image-box\" data-id=\"29543a5\" data-element_type=\"widget\" data-widget_type=\"image-box.default\">\n\t\t\t\t<div class=\"elementor-widget-container\">\n\t\t\t<div class=\"elementor-image-box-wrapper\"><figure class=\"elementor-image-box-img\"><img src=\"https:\/\/fundacjainspiracja.fundacje.eu\/wp-content\/uploads\/elementor\/thumbs\/thumbnail_z-nami-osiagniesz-sukces-q2x87hlbjlfhffjhyda3wzu3yn2j9i2uxtpww527pk.png\" title=\"thumbnail_z nami osi\u0105gniesz sukces\" alt=\"thumbnail_z nami osi\u0105gniesz sukces\" \/><\/figure><div class=\"elementor-image-box-content\"><p class=\"elementor-image-box-description\">Nasze sukcesy i do\u015bwiadczenie s\u0105 gwarancj\u0105 uzyskania dla Pa\u0144stwa dotacji unijnej.<\/p><\/div><\/div>\t\t<\/div>\n\t\t\t\t<\/div>\n\t\t\t\t<div class=\"elementor-element elementor-element-7c95d66 elementor-widget elementor-widget-text-editor\" data-id=\"7c95d66\" data-element_type=\"widget\" data-widget_type=\"text-editor.default\">\n\t\t\t\t<div class=\"elementor-widget-container\">\n\t\t\t\t\t\t\t<ul><li>doskona\u0142\u0105 znajomo\u015b\u0107 procesu przyznawania dotacji, w szczeg\u00f3lno\u015bci regu\u0142 i kryteri\u00f3w selekcji<\/li><li>wysok\u0105 skuteczno\u015b\u0107 w pozyskiwaniu i rozliczaniu dotacji,<\/li><li>profesjonaln\u0105 wsp\u00f3\u0142prac\u0119, daj\u0105c\u0105 maksymalne efekty przy minimalnym zaanga\u017cowaniu klienta.<\/li><\/ul>\t\t\t\t\t\t<\/div>\n\t\t\t\t<\/div>\n\t\t\t\t\t<\/div>\n\t\t<\/div>\n\t\t\t\t\t\t\t<\/div>\n\t\t<\/section>\n\t\t\t\t\t\t<\/div>\n\t\t\t\t\t<\/div>\n\t\t","protected":false},"excerpt":{"rendered":"<p>Kim jeste\u015bmy i co robimy ? Fundacja Inspiracja jest do\u015bwiadczonym podmiotem\u00a0 zajmuj\u0105cym si\u0119 \u015bwiadczeniem kompleksowych us\u0142ug w zakresie pozyskiwania \u015brodk\u00f3w z funduszy unijnych oraz z funduszy krajowych, a tak\u017ce w zakresie profesjonalnego doradztwa szkoleniowego. Nasza oferta skierowana jest przede wszystkim do przedsi\u0119biorc\u00f3w, podmiot\u00f3w publicznych, jak r\u00f3wnie\u017c rolnik\u00f3w i koncentruje si\u0119 w g\u0142\u00f3wnej mierze na wsparciu [&hellip;]<\/p>\n","protected":false},"author":1,"featured_media":0,"parent":0,"menu_order":0,"comment_status":"closed","ping_status":"closed","template":"elementor_header_footer","meta":[],"yoast_head":"<!-- This site is optimized with the Yoast SEO plugin v18.0 - https:\/\/yoast.com\/wordpress\/plugins\/seo\/ -->\n<title>O nas - Fundacja Inspiracja<\/title>\n<meta name=\"robots\" content=\"index, follow, max-snippet:-1, max-image-preview:large, max-video-preview:-1\" \/>\n<link rel=\"canonical\" href=\"https:\/\/fundacjainspiracja.fundacje.eu\/index.php\/o-nas\/\" \/>\n<meta property=\"og:locale\" content=\"pl_PL\" \/>\n<meta property=\"og:type\" content=\"article\" \/>\n<meta property=\"og:title\" content=\"O nas - Fundacja Inspiracja\" \/>\n<meta property=\"og:description\" content=\"Kim jeste\u015bmy i co robimy ? Fundacja Inspiracja jest do\u015bwiadczonym podmiotem\u00a0 zajmuj\u0105cym si\u0119 \u015bwiadczeniem kompleksowych us\u0142ug w zakresie pozyskiwania \u015brodk\u00f3w z funduszy unijnych oraz z funduszy krajowych, a tak\u017ce w zakresie profesjonalnego doradztwa szkoleniowego. Nasza oferta skierowana jest przede wszystkim do przedsi\u0119biorc\u00f3w, podmiot\u00f3w publicznych, jak r\u00f3wnie\u017c rolnik\u00f3w i koncentruje si\u0119 w g\u0142\u00f3wnej mierze na wsparciu [&hellip;]\" \/>\n<meta property=\"og:url\" content=\"https:\/\/fundacjainspiracja.fundacje.eu\/index.php\/o-nas\/\" \/>\n<meta property=\"og:site_name\" content=\"Fundacja Inspiracja\" \/>\n<meta property=\"article:modified_time\" content=\"2021-02-24T06:48:35+00:00\" \/>\n<meta property=\"og:image\" content=\"http:\/\/fundacjainspiracja.fundacje.eu\/wp-content\/uploads\/2021\/02\/photo-1463438690606-f6778b8c1d10.jpg\" \/>\n<meta name=\"twitter:card\" content=\"summary_large_image\" \/>\n<meta name=\"twitter:label1\" content=\"Szacowany czas czytania\" \/>\n\t<meta name=\"twitter:data1\" content=\"2 minuty\" \/>\n<script type=\"application\/ld+json\" class=\"yoast-schema-graph\">{\"@context\":\"https:\/\/schema.org\",\"@graph\":[{\"@type\":\"WebSite\",\"@id\":\"https:\/\/fundacjainspiracja.fundacje.eu\/#website\",\"url\":\"https:\/\/fundacjainspiracja.fundacje.eu\/\",\"name\":\"Fundacja Inspiracja\",\"description\":\"\",\"potentialAction\":[{\"@type\":\"SearchAction\",\"target\":{\"@type\":\"EntryPoint\",\"urlTemplate\":\"https:\/\/fundacjainspiracja.fundacje.eu\/?s={search_term_string}\"},\"query-input\":\"required name=search_term_string\"}],\"inLanguage\":\"pl-PL\"},{\"@type\":\"ImageObject\",\"@id\":\"https:\/\/fundacjainspiracja.fundacje.eu\/index.php\/o-nas\/#primaryimage\",\"inLanguage\":\"pl-PL\",\"url\":\"http:\/\/fundacjainspiracja.fundacje.eu\/wp-content\/uploads\/2021\/02\/photo-1463438690606-f6778b8c1d10.jpg\",\"contentUrl\":\"http:\/\/fundacjainspiracja.fundacje.eu\/wp-content\/uploads\/2021\/02\/photo-1463438690606-f6778b8c1d10.jpg\"},{\"@type\":\"WebPage\",\"@id\":\"https:\/\/fundacjainspiracja.fundacje.eu\/index.php\/o-nas\/#webpage\",\"url\":\"https:\/\/fundacjainspiracja.fundacje.eu\/index.php\/o-nas\/\",\"name\":\"O nas - Fundacja Inspiracja\",\"isPartOf\":{\"@id\":\"https:\/\/fundacjainspiracja.fundacje.eu\/#website\"},\"primaryImageOfPage\":{\"@id\":\"https:\/\/fundacjainspiracja.fundacje.eu\/index.php\/o-nas\/#primaryimage\"},\"datePublished\":\"2018-09-12T04:52:30+00:00\",\"dateModified\":\"2021-02-24T06:48:35+00:00\",\"breadcrumb\":{\"@id\":\"https:\/\/fundacjainspiracja.fundacje.eu\/index.php\/o-nas\/#breadcrumb\"},\"inLanguage\":\"pl-PL\",\"potentialAction\":[{\"@type\":\"ReadAction\",\"target\":[\"https:\/\/fundacjainspiracja.fundacje.eu\/index.php\/o-nas\/\"]}]},{\"@type\":\"BreadcrumbList\",\"@id\":\"https:\/\/fundacjainspiracja.fundacje.eu\/index.php\/o-nas\/#breadcrumb\",\"itemListElement\":[{\"@type\":\"ListItem\",\"position\":1,\"name\":\"Strona g\u0142\u00f3wna\",\"item\":\"https:\/\/fundacjainspiracja.fundacje.eu\/\"},{\"@type\":\"ListItem\",\"position\":2,\"name\":\"O nas\"}]}]}<\/script>\n<!-- \/ Yoast SEO plugin. -->","yoast_head_json":{"title":"O nas - Fundacja Inspiracja","robots":{"index":"index","follow":"follow","max-snippet":"max-snippet:-1","max-image-preview":"max-image-preview:large","max-video-preview":"max-video-preview:-1"},"canonical":"https:\/\/fundacjainspiracja.fundacje.eu\/index.php\/o-nas\/","og_locale":"pl_PL","og_type":"article","og_title":"O nas - Fundacja Inspiracja","og_description":"Kim jeste\u015bmy i co robimy ? Fundacja Inspiracja jest do\u015bwiadczonym podmiotem\u00a0 zajmuj\u0105cym si\u0119 \u015bwiadczeniem kompleksowych us\u0142ug w zakresie pozyskiwania \u015brodk\u00f3w z funduszy unijnych oraz z funduszy krajowych, a tak\u017ce w zakresie profesjonalnego doradztwa szkoleniowego. Nasza oferta skierowana jest przede wszystkim do przedsi\u0119biorc\u00f3w, podmiot\u00f3w publicznych, jak r\u00f3wnie\u017c rolnik\u00f3w i koncentruje si\u0119 w g\u0142\u00f3wnej mierze na wsparciu [&hellip;]","og_url":"https:\/\/fundacjainspiracja.fundacje.eu\/index.php\/o-nas\/","og_site_name":"Fundacja Inspiracja","article_modified_time":"2021-02-24T06:48:35+00:00","og_image":[{"url":"http:\/\/fundacjainspiracja.fundacje.eu\/wp-content\/uploads\/2021\/02\/photo-1463438690606-f6778b8c1d10.jpg"}],"twitter_card":"summary_large_image","twitter_misc":{"Szacowany czas czytania":"2 minuty"},"schema":{"@context":"https:\/\/schema.org","@graph":[{"@type":"WebSite","@id":"https:\/\/fundacjainspiracja.fundacje.eu\/#website","url":"https:\/\/fundacjainspiracja.fundacje.eu\/","name":"Fundacja Inspiracja","description":"","potentialAction":[{"@type":"SearchAction","target":{"@type":"EntryPoint","urlTemplate":"https:\/\/fundacjainspiracja.fundacje.eu\/?s={search_term_string}"},"query-input":"required name=search_term_string"}],"inLanguage":"pl-PL"},{"@type":"ImageObject","@id":"https:\/\/fundacjainspiracja.fundacje.eu\/index.php\/o-nas\/#primaryimage","inLanguage":"pl-PL","url":"http:\/\/fundacjainspiracja.fundacje.eu\/wp-content\/uploads\/2021\/02\/photo-1463438690606-f6778b8c1d10.jpg","contentUrl":"http:\/\/fundacjainspiracja.fundacje.eu\/wp-content\/uploads\/2021\/02\/photo-1463438690606-f6778b8c1d10.jpg"},{"@type":"WebPage","@id":"https:\/\/fundacjainspiracja.fundacje.eu\/index.php\/o-nas\/#webpage","url":"https:\/\/fundacjainspiracja.fundacje.eu\/index.php\/o-nas\/","name":"O nas - Fundacja Inspiracja","isPartOf":{"@id":"https:\/\/fundacjainspiracja.fundacje.eu\/#website"},"primaryImageOfPage":{"@id":"https:\/\/fundacjainspiracja.fundacje.eu\/index.php\/o-nas\/#primaryimage"},"datePublished":"2018-09-12T04:52:30+00:00","dateModified":"2021-02-24T06:48:35+00:00","breadcrumb":{"@id":"https:\/\/fundacjainspiracja.fundacje.eu\/index.php\/o-nas\/#breadcrumb"},"inLanguage":"pl-PL","potentialAction":[{"@type":"ReadAction","target":["https:\/\/fundacjainspiracja.fundacje.eu\/index.php\/o-nas\/"]}]},{"@type":"BreadcrumbList","@id":"https:\/\/fundacjainspiracja.fundacje.eu\/index.php\/o-nas\/#breadcrumb","itemListElement":[{"@type":"ListItem","position":1,"name":"Strona g\u0142\u00f3wna","item":"https:\/\/fundacjainspiracja.fundacje.eu\/"},{"@type":"ListItem","position":2,"name":"O nas"}]}]}},"_links":{"self":[{"href":"https:\/\/fundacjainspiracja.fundacje.eu\/index.php\/wp-json\/wp\/v2\/pages\/79"}],"collection":[{"href":"https:\/\/fundacjainspiracja.fundacje.eu\/index.php\/wp-json\/wp\/v2\/pages"}],"about":[{"href":"https:\/\/fundacjainspiracja.fundacje.eu\/index.php\/wp-json\/wp\/v2\/types\/page"}],"author":[{"embeddable":true,"href":"https:\/\/fundacjainspiracja.fundacje.eu\/index.php\/wp-json\/wp\/v2\/users\/1"}],"replies":[{"embeddable":true,"href":"https:\/\/fundacjainspiracja.fundacje.eu\/index.php\/wp-json\/wp\/v2\/comments?post=79"}],"version-history":[{"count":19,"href":"https:\/\/fundacjainspiracja.fundacje.eu\/index.php\/wp-json\/wp\/v2\/pages\/79\/revisions"}],"predecessor-version":[{"id":380,"href":"https:\/\/fundacjainspiracja.fundacje.eu\/index.php\/wp-json\/wp\/v2\/pages\/79\/revisions\/380"}],"wp:attachment":[{"href":"https:\/\/fundacjainspiracja.fundacje.eu\/index.php\/wp-json\/wp\/v2\/media?parent=79"}],"curies":[{"name":"wp","href":"https:\/\/api.w.org\/{rel}","templated":true}]}}