{"id":267,"date":"2018-09-11T06:20:48","date_gmt":"2018-09-11T06:20:48","guid":{"rendered":"https:\/\/demo.themegrill.com\/zakra-dentist\/?page_id=7"},"modified":"2021-02-22T08:21:59","modified_gmt":"2021-02-22T07:21:59","slug":"home","status":"publish","type":"page","link":"https:\/\/fundacjainspiracja.fundacje.eu\/","title":{"rendered":"Home"},"content":{"rendered":"\t\t<div data-elementor-type=\"wp-post\" data-elementor-id=\"267\" class=\"elementor elementor-267\" data-elementor-settings=\"[]\">\n\t\t\t\t\t\t\t<div class=\"elementor-section-wrap\">\n\t\t\t\t\t\t\t<section class=\"elementor-section elementor-top-section elementor-element elementor-element-e1d8d36 elementor-section-stretched elementor-section-height-full elementor-section-content-middle elementor-section-boxed elementor-section-height-default elementor-section-items-middle\" data-id=\"e1d8d36\" data-element_type=\"section\" data-settings=\"{&quot;stretch_section&quot;:&quot;section-stretched&quot;,&quot;background_background&quot;:&quot;classic&quot;}\">\n\t\t\t\t\t\t<div class=\"elementor-container elementor-column-gap-default\">\n\t\t\t\t\t<div class=\"elementor-column elementor-col-50 elementor-top-column elementor-element elementor-element-9f86633\" data-id=\"9f86633\" data-element_type=\"column\">\n\t\t\t<div class=\"elementor-widget-wrap elementor-element-populated\">\n\t\t\t\t\t\t\t\t\t<\/div>\n\t\t<\/div>\n\t\t\t\t<div class=\"elementor-column elementor-col-50 elementor-top-column elementor-element elementor-element-5a96866\" data-id=\"5a96866\" data-element_type=\"column\">\n\t\t\t<div class=\"elementor-widget-wrap\">\n\t\t\t\t\t\t\t\t\t<\/div>\n\t\t<\/div>\n\t\t\t\t\t\t\t<\/div>\n\t\t<\/section>\n\t\t\t\t<section class=\"elementor-section elementor-top-section elementor-element elementor-element-3c181d2 elementor-section-content-middle elementor-section-boxed elementor-section-height-default elementor-section-height-default\" data-id=\"3c181d2\" data-element_type=\"section\" data-settings=\"{&quot;background_background&quot;:&quot;classic&quot;}\">\n\t\t\t\t\t\t<div class=\"elementor-container elementor-column-gap-no\">\n\t\t\t\t\t<div class=\"elementor-column elementor-col-50 elementor-top-column elementor-element elementor-element-1ab1aab\" data-id=\"1ab1aab\" data-element_type=\"column\">\n\t\t\t<div class=\"elementor-widget-wrap elementor-element-populated\">\n\t\t\t\t\t\t\t\t<div class=\"elementor-element elementor-element-b21554c elementor-widget elementor-widget-heading\" data-id=\"b21554c\" data-element_type=\"widget\" data-widget_type=\"heading.default\">\n\t\t\t\t<div class=\"elementor-widget-container\">\n\t\t\t<h3 class=\"elementor-heading-title elementor-size-default\">Pomo\u017cemy Ci uzyska\u0107 finansowanie dla Twojej firmy.<\/h3>\t\t<\/div>\n\t\t\t\t<\/div>\n\t\t\t\t\t<\/div>\n\t\t<\/div>\n\t\t\t\t<div class=\"elementor-column elementor-col-50 elementor-top-column elementor-element elementor-element-db28d32\" data-id=\"db28d32\" data-element_type=\"column\">\n\t\t\t<div class=\"elementor-widget-wrap elementor-element-populated\">\n\t\t\t\t\t\t\t\t<div class=\"elementor-element elementor-element-45ce093 elementor-align-right elementor-mobile-align-left elementor-widget elementor-widget-button\" data-id=\"45ce093\" data-element_type=\"widget\" data-widget_type=\"button.default\">\n\t\t\t\t<div class=\"elementor-widget-container\">\n\t\t\t\t\t<div class=\"elementor-button-wrapper\">\n\t\t\t<a href=\"http:\/\/fundacjainspiracja.fundacje.eu\/index.php\/o-nas\/\" class=\"elementor-button-link elementor-button elementor-size-xl\" role=\"button\">\n\t\t\t\t\t\t<span class=\"elementor-button-content-wrapper\">\n\t\t\t\t\t\t<span class=\"elementor-button-text\">O nas<\/span>\n\t\t<\/span>\n\t\t\t\t\t<\/a>\n\t\t<\/div>\n\t\t\t\t<\/div>\n\t\t\t\t<\/div>\n\t\t\t\t\t<\/div>\n\t\t<\/div>\n\t\t\t\t\t\t\t<\/div>\n\t\t<\/section>\n\t\t\t\t<section class=\"elementor-section elementor-top-section elementor-element elementor-element-f58950a elementor-section-boxed elementor-section-height-default elementor-section-height-default\" data-id=\"f58950a\" data-element_type=\"section\">\n\t\t\t\t\t\t<div class=\"elementor-container elementor-column-gap-extended\">\n\t\t\t\t\t<div class=\"elementor-column elementor-col-33 elementor-top-column elementor-element elementor-element-a00b46d\" data-id=\"a00b46d\" data-element_type=\"column\">\n\t\t\t<div class=\"elementor-widget-wrap elementor-element-populated\">\n\t\t\t\t\t\t\t\t<div class=\"elementor-element elementor-element-4b0225c elementor-widget elementor-widget-image\" data-id=\"4b0225c\" data-element_type=\"widget\" data-widget_type=\"image.default\">\n\t\t\t\t<div class=\"elementor-widget-container\">\n\t\t\t\t\t\t\t\t\t\t\t\t\t\t\t<img width=\"80\" height=\"80\" src=\"https:\/\/fundacjainspiracja.fundacje.eu\/wp-content\/uploads\/2021\/02\/1200px-Stars_of_the_European_Union_bw.svg-e1613668841991.png\" class=\"attachment-full size-full\" alt=\"\" loading=\"lazy\" \/>\t\t\t\t\t\t\t\t\t\t\t\t\t\t\t<\/div>\n\t\t\t\t<\/div>\n\t\t\t\t<div class=\"elementor-element elementor-element-d212cae elementor-widget elementor-widget-heading\" data-id=\"d212cae\" data-element_type=\"widget\" data-widget_type=\"heading.default\">\n\t\t\t\t<div class=\"elementor-widget-container\">\n\t\t\t<h4 class=\"elementor-heading-title elementor-size-default\">Fundusze Unijne<\/h4>\t\t<\/div>\n\t\t\t\t<\/div>\n\t\t\t\t<div class=\"elementor-element elementor-element-ce6e657 elementor-widget elementor-widget-text-editor\" data-id=\"ce6e657\" data-element_type=\"widget\" data-widget_type=\"text-editor.default\">\n\t\t\t\t<div class=\"elementor-widget-container\">\n\t\t\t\t\t\t\t<p><span class=\"ILfuVd\"><span class=\"hgKElc\">To sprawdzony spos\u00f3b na zarz\u0105dzanie projektami poprzez wsp\u00f3\u0142finansowanie ich realizacji z dotacji. Przygotowanie wniosku aplikacyjnego nie musi Pa\u0144stwu sp\u0119dza\u0107 snu z powiek.<\/span><\/span><\/p>\t\t\t\t\t\t<\/div>\n\t\t\t\t<\/div>\n\t\t\t\t\t<\/div>\n\t\t<\/div>\n\t\t\t\t<div class=\"elementor-column elementor-col-33 elementor-top-column elementor-element elementor-element-2da6fde\" data-id=\"2da6fde\" data-element_type=\"column\">\n\t\t\t<div class=\"elementor-widget-wrap elementor-element-populated\">\n\t\t\t\t\t\t\t\t<div class=\"elementor-element elementor-element-e2f87e6 elementor-widget elementor-widget-image\" data-id=\"e2f87e6\" data-element_type=\"widget\" data-widget_type=\"image.default\">\n\t\t\t\t<div class=\"elementor-widget-container\">\n\t\t\t\t\t\t\t\t\t\t\t\t\t\t\t<img width=\"131\" height=\"80\" src=\"https:\/\/fundacjainspiracja.fundacje.eu\/wp-content\/uploads\/2021\/02\/pfr-1.jpg\" class=\"attachment-full size-full\" alt=\"\" loading=\"lazy\" \/>\t\t\t\t\t\t\t\t\t\t\t\t\t\t\t<\/div>\n\t\t\t\t<\/div>\n\t\t\t\t<div class=\"elementor-element elementor-element-a2162c3 elementor-widget elementor-widget-heading\" data-id=\"a2162c3\" data-element_type=\"widget\" data-widget_type=\"heading.default\">\n\t\t\t\t<div class=\"elementor-widget-container\">\n\t\t\t<h4 class=\"elementor-heading-title elementor-size-default\">Fundusze z PFR<\/h4>\t\t<\/div>\n\t\t\t\t<\/div>\n\t\t\t\t<div class=\"elementor-element elementor-element-66cbcdb elementor-widget elementor-widget-text-editor\" data-id=\"66cbcdb\" data-element_type=\"widget\" data-widget_type=\"text-editor.default\">\n\t\t\t\t<div class=\"elementor-widget-container\">\n\t\t\t\t\t\t\t<p>\u00a0To grupa instytucji finansowych i doradczych dla przedsi\u0119biorc\u00f3w, samorz\u0105d\u00f3w i os\u00f3b prywatnych inwestuj\u0105ca w zr\u00f3wnowa\u017cony rozw\u00f3j spo\u0142eczny i gospodarczy kraju.<\/p>\t\t\t\t\t\t<\/div>\n\t\t\t\t<\/div>\n\t\t\t\t\t<\/div>\n\t\t<\/div>\n\t\t\t\t<div class=\"elementor-column elementor-col-33 elementor-top-column elementor-element elementor-element-da36af2\" data-id=\"da36af2\" data-element_type=\"column\">\n\t\t\t<div class=\"elementor-widget-wrap elementor-element-populated\">\n\t\t\t\t\t\t\t\t<div class=\"elementor-element elementor-element-b4e72ff elementor-widget elementor-widget-image\" data-id=\"b4e72ff\" data-element_type=\"widget\" data-widget_type=\"image.default\">\n\t\t\t\t<div class=\"elementor-widget-container\">\n\t\t\t\t\t\t\t\t\t\t\t\t\t\t\t<img width=\"153\" height=\"80\" src=\"https:\/\/fundacjainspiracja.fundacje.eu\/wp-content\/uploads\/2021\/02\/pup.jpg\" class=\"attachment-large size-large\" alt=\"\" loading=\"lazy\" \/>\t\t\t\t\t\t\t\t\t\t\t\t\t\t\t<\/div>\n\t\t\t\t<\/div>\n\t\t\t\t<div class=\"elementor-element elementor-element-1070d0a elementor-widget elementor-widget-heading\" data-id=\"1070d0a\" data-element_type=\"widget\" data-widget_type=\"heading.default\">\n\t\t\t\t<div class=\"elementor-widget-container\">\n\t\t\t<h4 class=\"elementor-heading-title elementor-size-default\">Urz\u0105d Pracy<\/h4>\t\t<\/div>\n\t\t\t\t<\/div>\n\t\t\t\t<div class=\"elementor-element elementor-element-a01a4ab elementor-widget elementor-widget-text-editor\" data-id=\"a01a4ab\" data-element_type=\"widget\" data-widget_type=\"text-editor.default\">\n\t\t\t\t<div class=\"elementor-widget-container\">\n\t\t\t\t\t\t\t<p>Stanowi jedno ze \u017ar\u00f3de\u0142 dotacji na za\u0142o\u017cenie dzia\u0142alno\u015bci gospodarczej. \u015arodkami tymi zarz\u0105dzaj\u0105 poszczeg\u00f3lne urz\u0119dy pracy. Dotacje z FP s\u0105 przeznaczane dla bezrobotnych zarejestrowanych w PUP.<\/p>\t\t\t\t\t\t<\/div>\n\t\t\t\t<\/div>\n\t\t\t\t\t<\/div>\n\t\t<\/div>\n\t\t\t\t\t\t\t<\/div>\n\t\t<\/section>\n\t\t\t\t<section class=\"elementor-section elementor-top-section elementor-element elementor-element-a1e8b95 elementor-section-stretched elementor-section-boxed elementor-section-height-default elementor-section-height-default\" data-id=\"a1e8b95\" data-element_type=\"section\" data-settings=\"{&quot;stretch_section&quot;:&quot;section-stretched&quot;,&quot;background_background&quot;:&quot;classic&quot;}\">\n\t\t\t\t\t\t<div class=\"elementor-container elementor-column-gap-default\">\n\t\t\t\t\t<div class=\"elementor-column elementor-col-100 elementor-top-column elementor-element elementor-element-124d2cc\" data-id=\"124d2cc\" data-element_type=\"column\">\n\t\t\t<div class=\"elementor-widget-wrap elementor-element-populated\">\n\t\t\t\t\t\t\t\t<div class=\"elementor-element elementor-element-734e43b elementor-widget elementor-widget-spacer\" data-id=\"734e43b\" data-element_type=\"widget\" data-widget_type=\"spacer.default\">\n\t\t\t\t<div class=\"elementor-widget-container\">\n\t\t\t\t\t<div class=\"elementor-spacer\">\n\t\t\t<div class=\"elementor-spacer-inner\"><\/div>\n\t\t<\/div>\n\t\t\t\t<\/div>\n\t\t\t\t<\/div>\n\t\t\t\t<div class=\"elementor-element elementor-element-40e98c2 elementor-widget elementor-widget-heading\" data-id=\"40e98c2\" data-element_type=\"widget\" data-widget_type=\"heading.default\">\n\t\t\t\t<div class=\"elementor-widget-container\">\n\t\t\t<h3 class=\"elementor-heading-title elementor-size-default\">Fundacja Inspiracja \u015bwiadczy profesjonaln\u0105 pomoc w uzyskaniu dotacji unijnych. Nasze wieloletnie do\u015bwiadczenie pozwala nam oferowa\u0107 profesjonalne doradztwo unijne, kt\u00f3re pozwoli Pa\u0144stwu uzyska\u0107 dofinansowanie. Fundacja Inspiracja w imieniu swoich Klient\u00f3w pomaga:<\/h3>\t\t<\/div>\n\t\t\t\t<\/div>\n\t\t\t\t<div class=\"elementor-element elementor-element-fbc2608 elementor-widget elementor-widget-text-editor\" data-id=\"fbc2608\" data-element_type=\"widget\" data-widget_type=\"text-editor.default\">\n\t\t\t\t<div class=\"elementor-widget-container\">\n\t\t\t\t\t\t\t<ul><li style=\"text-align: left;\">wybra\u0107 w\u0142a\u015bciw\u0105 strategi\u0119 projektu<\/li><li style=\"text-align: left;\">znale\u017a\u0107 odpowiednie \u017ar\u00f3d\u0142o finansowania<\/li><li style=\"text-align: left;\">opracowa\u0107 kompleksowo dokumentacj\u0119 aplikacyjn\u0105<\/li><li style=\"text-align: left;\">stworzy\u0107 umow\u0119 o dofinansowanie<\/li><li style=\"text-align: left;\">rozliczy\u0107 prawid\u0142owo dotacj\u0119 unijn\u0105<\/li><li style=\"text-align: left;\">przygotowa\u0107 si\u0119 do kontroli projektu<\/li><\/ul>\t\t\t\t\t\t<\/div>\n\t\t\t\t<\/div>\n\t\t\t\t\t<\/div>\n\t\t<\/div>\n\t\t\t\t\t\t\t<\/div>\n\t\t<\/section>\n\t\t\t\t<section class=\"elementor-section elementor-top-section elementor-element elementor-element-00381c1 elementor-section-boxed elementor-section-height-default elementor-section-height-default\" data-id=\"00381c1\" data-element_type=\"section\" data-settings=\"{&quot;background_background&quot;:&quot;classic&quot;}\">\n\t\t\t\t\t\t<div class=\"elementor-container elementor-column-gap-default\">\n\t\t\t\t\t<div class=\"elementor-column elementor-col-100 elementor-top-column elementor-element elementor-element-9d09250\" data-id=\"9d09250\" data-element_type=\"column\">\n\t\t\t<div class=\"elementor-widget-wrap elementor-element-populated\">\n\t\t\t\t\t\t\t\t<div class=\"elementor-element elementor-element-af72377 elementor-widget elementor-widget-heading\" data-id=\"af72377\" data-element_type=\"widget\" data-widget_type=\"heading.default\">\n\t\t\t\t<div class=\"elementor-widget-container\">\n\t\t\t<h2 class=\"elementor-heading-title elementor-size-default\">Fundacja Inspiracja pomaga w sprecyzowaniu pomys\u0142\u00f3w inwestycyjnych. \n<\/h2>\t\t<\/div>\n\t\t\t\t<\/div>\n\t\t\t\t<div class=\"elementor-element elementor-element-b96057e elementor-widget elementor-widget-heading\" data-id=\"b96057e\" data-element_type=\"widget\" data-widget_type=\"heading.default\">\n\t\t\t\t<div class=\"elementor-widget-container\">\n\t\t\t<h2 class=\"elementor-heading-title elementor-size-default\">Ocenimy fachowo Pa\u0144stwa szanse na dofinansowanie z Unii, <\/h2>\t\t<\/div>\n\t\t\t\t<\/div>\n\t\t\t\t<div class=\"elementor-element elementor-element-d5893ee elementor-widget elementor-widget-heading\" data-id=\"d5893ee\" data-element_type=\"widget\" data-widget_type=\"heading.default\">\n\t\t\t\t<div class=\"elementor-widget-container\">\n\t\t\t<h2 class=\"elementor-heading-title elementor-size-default\">a tak\u017ce zajmiemy si\u0119 znalezieniem w\u0142a\u015bciwego \u017ar\u00f3d\u0142a finansowania projektu. <\/h2>\t\t<\/div>\n\t\t\t\t<\/div>\n\t\t\t\t<div class=\"elementor-element elementor-element-f4f8860 elementor-widget elementor-widget-text-editor\" data-id=\"f4f8860\" data-element_type=\"widget\" data-widget_type=\"text-editor.default\">\n\t\t\t\t<div class=\"elementor-widget-container\">\n\t\t\t\t\t\t\t\t\t\t\t\t\t<\/div>\n\t\t\t\t<\/div>\n\t\t\t\t<div class=\"elementor-element elementor-element-53e67c9 elementor-widget elementor-widget-spacer\" data-id=\"53e67c9\" data-element_type=\"widget\" data-widget_type=\"spacer.default\">\n\t\t\t\t<div class=\"elementor-widget-container\">\n\t\t\t\t\t<div class=\"elementor-spacer\">\n\t\t\t<div class=\"elementor-spacer-inner\"><\/div>\n\t\t<\/div>\n\t\t\t\t<\/div>\n\t\t\t\t<\/div>\n\t\t\t\t\t<\/div>\n\t\t<\/div>\n\t\t\t\t\t\t\t<\/div>\n\t\t<\/section>\n\t\t\t\t\t\t<\/div>\n\t\t\t\t\t<\/div>\n\t\t","protected":false},"excerpt":{"rendered":"<p>Pomo\u017cemy Ci uzyska\u0107 finansowanie dla Twojej firmy. O nas Fundusze Unijne To sprawdzony spos\u00f3b na zarz\u0105dzanie projektami poprzez wsp\u00f3\u0142finansowanie ich realizacji z dotacji. Przygotowanie wniosku aplikacyjnego nie musi Pa\u0144stwu sp\u0119dza\u0107 snu z powiek. Fundusze z PFR \u00a0To grupa instytucji finansowych i doradczych dla przedsi\u0119biorc\u00f3w, samorz\u0105d\u00f3w i os\u00f3b prywatnych inwestuj\u0105ca w zr\u00f3wnowa\u017cony rozw\u00f3j spo\u0142eczny i gospodarczy [&hellip;]<\/p>\n","protected":false},"author":1,"featured_media":0,"parent":0,"menu_order":0,"comment_status":"closed","ping_status":"closed","template":"elementor_header_footer","meta":[],"yoast_head":"<!-- This site is optimized with the Yoast SEO plugin v18.0 - https:\/\/yoast.com\/wordpress\/plugins\/seo\/ -->\n<title>Home - Fundacja Inspiracja<\/title>\n<meta name=\"robots\" content=\"index, follow, max-snippet:-1, max-image-preview:large, max-video-preview:-1\" \/>\n<link rel=\"canonical\" href=\"https:\/\/fundacjainspiracja.fundacje.eu\/\" \/>\n<meta property=\"og:locale\" content=\"pl_PL\" \/>\n<meta property=\"og:type\" content=\"article\" \/>\n<meta property=\"og:title\" content=\"Home - Fundacja Inspiracja\" \/>\n<meta property=\"og:description\" content=\"Pomo\u017cemy Ci uzyska\u0107 finansowanie dla Twojej firmy. O nas Fundusze Unijne To sprawdzony spos\u00f3b na zarz\u0105dzanie projektami poprzez wsp\u00f3\u0142finansowanie ich realizacji z dotacji. Przygotowanie wniosku aplikacyjnego nie musi Pa\u0144stwu sp\u0119dza\u0107 snu z powiek. Fundusze z PFR \u00a0To grupa instytucji finansowych i doradczych dla przedsi\u0119biorc\u00f3w, samorz\u0105d\u00f3w i os\u00f3b prywatnych inwestuj\u0105ca w zr\u00f3wnowa\u017cony rozw\u00f3j spo\u0142eczny i gospodarczy [&hellip;]\" \/>\n<meta property=\"og:url\" content=\"https:\/\/fundacjainspiracja.fundacje.eu\/\" \/>\n<meta property=\"og:site_name\" content=\"Fundacja Inspiracja\" \/>\n<meta property=\"article:modified_time\" content=\"2021-02-22T07:21:59+00:00\" \/>\n<meta property=\"og:image\" content=\"http:\/\/fundacjainspiracja.fundacje.eu\/wp-content\/uploads\/2021\/02\/1200px-Stars_of_the_European_Union_bw.svg-e1613668841991.png\" \/>\n<meta name=\"twitter:card\" content=\"summary_large_image\" \/>\n<meta name=\"twitter:label1\" content=\"Szacowany czas czytania\" \/>\n\t<meta name=\"twitter:data1\" content=\"1 minuta\" \/>\n<script type=\"application\/ld+json\" class=\"yoast-schema-graph\">{\"@context\":\"https:\/\/schema.org\",\"@graph\":[{\"@type\":\"WebSite\",\"@id\":\"https:\/\/fundacjainspiracja.fundacje.eu\/#website\",\"url\":\"https:\/\/fundacjainspiracja.fundacje.eu\/\",\"name\":\"Fundacja Inspiracja\",\"description\":\"\",\"potentialAction\":[{\"@type\":\"SearchAction\",\"target\":{\"@type\":\"EntryPoint\",\"urlTemplate\":\"https:\/\/fundacjainspiracja.fundacje.eu\/?s={search_term_string}\"},\"query-input\":\"required name=search_term_string\"}],\"inLanguage\":\"pl-PL\"},{\"@type\":\"ImageObject\",\"@id\":\"https:\/\/fundacjainspiracja.fundacje.eu\/#primaryimage\",\"inLanguage\":\"pl-PL\",\"url\":\"http:\/\/fundacjainspiracja.fundacje.eu\/wp-content\/uploads\/2021\/02\/1200px-Stars_of_the_European_Union_bw.svg-e1613668841991.png\",\"contentUrl\":\"http:\/\/fundacjainspiracja.fundacje.eu\/wp-content\/uploads\/2021\/02\/1200px-Stars_of_the_European_Union_bw.svg-e1613668841991.png\"},{\"@type\":\"WebPage\",\"@id\":\"https:\/\/fundacjainspiracja.fundacje.eu\/#webpage\",\"url\":\"https:\/\/fundacjainspiracja.fundacje.eu\/\",\"name\":\"Home - Fundacja Inspiracja\",\"isPartOf\":{\"@id\":\"https:\/\/fundacjainspiracja.fundacje.eu\/#website\"},\"primaryImageOfPage\":{\"@id\":\"https:\/\/fundacjainspiracja.fundacje.eu\/#primaryimage\"},\"datePublished\":\"2018-09-11T06:20:48+00:00\",\"dateModified\":\"2021-02-22T07:21:59+00:00\",\"breadcrumb\":{\"@id\":\"https:\/\/fundacjainspiracja.fundacje.eu\/#breadcrumb\"},\"inLanguage\":\"pl-PL\",\"potentialAction\":[{\"@type\":\"ReadAction\",\"target\":[\"https:\/\/fundacjainspiracja.fundacje.eu\/\"]}]},{\"@type\":\"BreadcrumbList\",\"@id\":\"https:\/\/fundacjainspiracja.fundacje.eu\/#breadcrumb\",\"itemListElement\":[{\"@type\":\"ListItem\",\"position\":1,\"name\":\"Strona g\u0142\u00f3wna\",\"item\":\"https:\/\/fundacjainspiracja.fundacje.eu\/\"},{\"@type\":\"ListItem\",\"position\":2,\"name\":\"Home\"}]}]}<\/script>\n<!-- \/ Yoast SEO plugin. -->","yoast_head_json":{"title":"Home - Fundacja Inspiracja","robots":{"index":"index","follow":"follow","max-snippet":"max-snippet:-1","max-image-preview":"max-image-preview:large","max-video-preview":"max-video-preview:-1"},"canonical":"https:\/\/fundacjainspiracja.fundacje.eu\/","og_locale":"pl_PL","og_type":"article","og_title":"Home - Fundacja Inspiracja","og_description":"Pomo\u017cemy Ci uzyska\u0107 finansowanie dla Twojej firmy. O nas Fundusze Unijne To sprawdzony spos\u00f3b na zarz\u0105dzanie projektami poprzez wsp\u00f3\u0142finansowanie ich realizacji z dotacji. Przygotowanie wniosku aplikacyjnego nie musi Pa\u0144stwu sp\u0119dza\u0107 snu z powiek. Fundusze z PFR \u00a0To grupa instytucji finansowych i doradczych dla przedsi\u0119biorc\u00f3w, samorz\u0105d\u00f3w i os\u00f3b prywatnych inwestuj\u0105ca w zr\u00f3wnowa\u017cony rozw\u00f3j spo\u0142eczny i gospodarczy [&hellip;]","og_url":"https:\/\/fundacjainspiracja.fundacje.eu\/","og_site_name":"Fundacja Inspiracja","article_modified_time":"2021-02-22T07:21:59+00:00","og_image":[{"url":"http:\/\/fundacjainspiracja.fundacje.eu\/wp-content\/uploads\/2021\/02\/1200px-Stars_of_the_European_Union_bw.svg-e1613668841991.png"}],"twitter_card":"summary_large_image","twitter_misc":{"Szacowany czas czytania":"1 minuta"},"schema":{"@context":"https:\/\/schema.org","@graph":[{"@type":"WebSite","@id":"https:\/\/fundacjainspiracja.fundacje.eu\/#website","url":"https:\/\/fundacjainspiracja.fundacje.eu\/","name":"Fundacja Inspiracja","description":"","potentialAction":[{"@type":"SearchAction","target":{"@type":"EntryPoint","urlTemplate":"https:\/\/fundacjainspiracja.fundacje.eu\/?s={search_term_string}"},"query-input":"required name=search_term_string"}],"inLanguage":"pl-PL"},{"@type":"ImageObject","@id":"https:\/\/fundacjainspiracja.fundacje.eu\/#primaryimage","inLanguage":"pl-PL","url":"http:\/\/fundacjainspiracja.fundacje.eu\/wp-content\/uploads\/2021\/02\/1200px-Stars_of_the_European_Union_bw.svg-e1613668841991.png","contentUrl":"http:\/\/fundacjainspiracja.fundacje.eu\/wp-content\/uploads\/2021\/02\/1200px-Stars_of_the_European_Union_bw.svg-e1613668841991.png"},{"@type":"WebPage","@id":"https:\/\/fundacjainspiracja.fundacje.eu\/#webpage","url":"https:\/\/fundacjainspiracja.fundacje.eu\/","name":"Home - Fundacja Inspiracja","isPartOf":{"@id":"https:\/\/fundacjainspiracja.fundacje.eu\/#website"},"primaryImageOfPage":{"@id":"https:\/\/fundacjainspiracja.fundacje.eu\/#primaryimage"},"datePublished":"2018-09-11T06:20:48+00:00","dateModified":"2021-02-22T07:21:59+00:00","breadcrumb":{"@id":"https:\/\/fundacjainspiracja.fundacje.eu\/#breadcrumb"},"inLanguage":"pl-PL","potentialAction":[{"@type":"ReadAction","target":["https:\/\/fundacjainspiracja.fundacje.eu\/"]}]},{"@type":"BreadcrumbList","@id":"https:\/\/fundacjainspiracja.fundacje.eu\/#breadcrumb","itemListElement":[{"@type":"ListItem","position":1,"name":"Strona g\u0142\u00f3wna","item":"https:\/\/fundacjainspiracja.fundacje.eu\/"},{"@type":"ListItem","position":2,"name":"Home"}]}]}},"_links":{"self":[{"href":"https:\/\/fundacjainspiracja.fundacje.eu\/index.php\/wp-json\/wp\/v2\/pages\/267"}],"collection":[{"href":"https:\/\/fundacjainspiracja.fundacje.eu\/index.php\/wp-json\/wp\/v2\/pages"}],"about":[{"href":"https:\/\/fundacjainspiracja.fundacje.eu\/index.php\/wp-json\/wp\/v2\/types\/page"}],"author":[{"embeddable":true,"href":"https:\/\/fundacjainspiracja.fundacje.eu\/index.php\/wp-json\/wp\/v2\/users\/1"}],"replies":[{"embeddable":true,"href":"https:\/\/fundacjainspiracja.fundacje.eu\/index.php\/wp-json\/wp\/v2\/comments?post=267"}],"version-history":[{"count":15,"href":"https:\/\/fundacjainspiracja.fundacje.eu\/index.php\/wp-json\/wp\/v2\/pages\/267\/revisions"}],"predecessor-version":[{"id":373,"href":"https:\/\/fundacjainspiracja.fundacje.eu\/index.php\/wp-json\/wp\/v2\/pages\/267\/revisions\/373"}],"wp:attachment":[{"href":"https:\/\/fundacjainspiracja.fundacje.eu\/index.php\/wp-json\/wp\/v2\/media?parent=267"}],"curies":[{"name":"wp","href":"https:\/\/api.w.org\/{rel}","templated":true}]}}